{"id":5450,"date":"2020-11-20T13:00:31","date_gmt":"2020-11-20T11:00:31","guid":{"rendered":"https:\/\/www.altusprints.com\/kauppa\/golden-autumn-in-toolonlahti-5971\/"},"modified":"2022-12-13T23:18:56","modified_gmt":"2022-12-13T21:18:56","slug":"golden-autumn-in-toolonlahti-5971","status":"publish","type":"product","link":"https:\/\/www.altusprints.com\/en\/tuote\/golden-autumn-in-toolonlahti-5971\/","title":{"rendered":"Golden Autumn in T\u00f6\u00f6l\u00f6nlahti &#8211; 5971"},"content":{"rendered":"<p>Golden Autumn in T\u00f6\u00f6l\u00f6nlahti.<\/p>\n<p>Aluminium Print size: 40 cm x 60 cm.<\/p>\n<p>Print size: 50 cm x 70 cm.<\/p>\n<p>Paper:<br \/>\nHahnem\u00fchle Fine Art \/ Pearl<br \/>\nHahnem\u00fchle Photo Rag \/ Matte<\/p>\n","protected":false},"excerpt":{"rendered":"<p>Golden Autumn in T\u00f6\u00f6l\u00f6nlahti. Aluminium Print size: 40 cm x 60 cm. Print size: 50 cm x 70 cm. Paper: Hahnem\u00fchle Fine Art \/ Pearl Hahnem\u00fchle Photo Rag \/ Matte<\/p>\n","protected":false},"featured_media":5363,"template":"","meta":[],"product_brand":[],"product_cat":[78,79],"product_tag":[82,81,80,101],"class_list":{"0":"post-5450","1":"product","2":"type-product","3":"status-publish","4":"has-post-thumbnail","6":"product_cat-posters","7":"product_cat-print","8":"product_tag-poster-en","9":"product_tag-posters","10":"product_tag-print","11":"product_tag-printshop-en-2","12":"sales-flash-overlay","13":"woocommerce-text-align-center","14":"woocommerce-image-align-center","15":"do-quantity-buttons","17":"first","18":"instock","19":"taxable","20":"shipping-taxable","21":"purchasable","22":"product-type-variable"},"_links":{"self":[{"href":"https:\/\/www.altusprints.com\/en\/wp-json\/wp\/v2\/product\/5450","targetHints":{"allow":["GET"]}}],"collection":[{"href":"https:\/\/www.altusprints.com\/en\/wp-json\/wp\/v2\/product"}],"about":[{"href":"https:\/\/www.altusprints.com\/en\/wp-json\/wp\/v2\/types\/product"}],"wp:featuredmedia":[{"embeddable":true,"href":"https:\/\/www.altusprints.com\/en\/wp-json\/wp\/v2\/media\/5363"}],"wp:attachment":[{"href":"https:\/\/www.altusprints.com\/en\/wp-json\/wp\/v2\/media?parent=5450"}],"wp:term":[{"taxonomy":"product_brand","embeddable":true,"href":"https:\/\/www.altusprints.com\/en\/wp-json\/wp\/v2\/product_brand?post=5450"},{"taxonomy":"product_cat","embeddable":true,"href":"https:\/\/www.altusprints.com\/en\/wp-json\/wp\/v2\/product_cat?post=5450"},{"taxonomy":"product_tag","embeddable":true,"href":"https:\/\/www.altusprints.com\/en\/wp-json\/wp\/v2\/product_tag?post=5450"}],"curies":[{"name":"wp","href":"https:\/\/api.w.org\/{rel}","templated":true}]}}