{"id":6802,"date":"2021-06-05T18:53:17","date_gmt":"2021-06-05T15:53:17","guid":{"rendered":"https:\/\/www.altusprints.com\/kauppa\/summerday-in-paijanne-0676\/"},"modified":"2022-12-07T17:00:12","modified_gmt":"2022-12-07T15:00:12","slug":"summerday-in-paijanne-0676","status":"publish","type":"product","link":"https:\/\/www.altusprints.com\/en\/tuote\/summerday-in-paijanne-0676\/","title":{"rendered":"Summerday in P\u00e4ij\u00e4nne &#8211; 0676"},"content":{"rendered":"<p>Summerday in P\u00e4ij\u00e4nne<\/p>\n<p>Aluminium Print size: 40 cm x 60 cm.<\/p>\n<p>Print size: 50 x 70 cm<\/p>\n<p>Paper:<br \/>\nHahnem\u00fchle Fine Art \/ Pearl<br \/>\nHahnem\u00fchle Photo Rag \/ Matte<\/p>\n","protected":false},"excerpt":{"rendered":"<p>Summerday in P\u00e4ij\u00e4nne Aluminium Print size: 40 cm x 60 cm. Print size: 50 x 70 cm Paper: Hahnem\u00fchle Fine Art \/ Pearl Hahnem\u00fchle Photo Rag \/ Matte<\/p>\n","protected":false},"featured_media":6824,"template":"","meta":[],"product_brand":[],"product_cat":[78,79],"product_tag":[82,81,80,101],"class_list":{"0":"post-6802","1":"product","2":"type-product","3":"status-publish","4":"has-post-thumbnail","6":"product_cat-posters","7":"product_cat-print","8":"product_tag-poster-en","9":"product_tag-posters","10":"product_tag-print","11":"product_tag-printshop-en-2","12":"sales-flash-overlay","13":"woocommerce-text-align-center","14":"woocommerce-image-align-center","15":"do-quantity-buttons","17":"first","18":"instock","19":"taxable","20":"shipping-taxable","21":"purchasable","22":"product-type-variable"},"_links":{"self":[{"href":"https:\/\/www.altusprints.com\/en\/wp-json\/wp\/v2\/product\/6802","targetHints":{"allow":["GET"]}}],"collection":[{"href":"https:\/\/www.altusprints.com\/en\/wp-json\/wp\/v2\/product"}],"about":[{"href":"https:\/\/www.altusprints.com\/en\/wp-json\/wp\/v2\/types\/product"}],"wp:featuredmedia":[{"embeddable":true,"href":"https:\/\/www.altusprints.com\/en\/wp-json\/wp\/v2\/media\/6824"}],"wp:attachment":[{"href":"https:\/\/www.altusprints.com\/en\/wp-json\/wp\/v2\/media?parent=6802"}],"wp:term":[{"taxonomy":"product_brand","embeddable":true,"href":"https:\/\/www.altusprints.com\/en\/wp-json\/wp\/v2\/product_brand?post=6802"},{"taxonomy":"product_cat","embeddable":true,"href":"https:\/\/www.altusprints.com\/en\/wp-json\/wp\/v2\/product_cat?post=6802"},{"taxonomy":"product_tag","embeddable":true,"href":"https:\/\/www.altusprints.com\/en\/wp-json\/wp\/v2\/product_tag?post=6802"}],"curies":[{"name":"wp","href":"https:\/\/api.w.org\/{rel}","templated":true}]}}